{"id":39736,"date":"2019-11-06T20:47:33","date_gmt":"2024-12-11T14:04:38","guid":{"rendered":"https:\/\/www.andreyschafis.ch\/shop\/set-cadeau-classic\/"},"modified":"2024-12-11T15:04:38","modified_gmt":"2024-12-11T14:04:38","slug":"set-cadeau-classic","status":"publish","type":"product","link":"https:\/\/www.andreyschafis.ch\/fr\/shop\/set-cadeau-classic\/","title":{"rendered":"Set cadeau -classic-"},"content":{"rendered":"<p>Offrez des vins avec des histoires ! A Schafis et au Landeron, 4,4 hectares sont consacr\u00e9s \u00e0 la culture de ce qui enchantera plus tard votre palais. Lors de la production de nos vins, nous accordons une grande importance au respect de l&rsquo;environnement et au terroir unique. Tous nos vins de qualit\u00e9 sont vinifi\u00e9s enti\u00e8rement \u00e0 la main et \u00e9lev\u00e9s avec soin. Ils atteignent ainsi une authenticit\u00e9 qui enthousiasme &#8211; et qui se fonde sur une riche tradition.<\/p>\n<p>1 x Chasselas 75cl<br \/>\nJaune paille clair. Au nez, de belles notes de levure, en bouche, p\u00e9tillant et rafra\u00eechissant, un soup\u00e7on de banane et \u00e0 nouveau de la levure, la finale avec une agr\u00e9able note d&rsquo;amertume. Un vin d&rsquo;ap\u00e9ritif joyeux et l\u00e9ger qui fait tout simplement plaisir.<\/p>\n<p>1 x Pinot noir 75cl<br \/>\nRubis fonc\u00e9, nez classique de pinot. Un Schafiser frais et bien en place, aux ar\u00f4mes flatteurs de cerise noire et d&rsquo;un soup\u00e7on de cassis ; avec une bonne dose de substance. A boire d\u00e8s maintenant, par exemple avec de la viande blanche.<\/p>\n<p>&nbsp;<\/p>\n<p><img decoding=\"async\" class=\"aligncenter wp-image-25768 size-large\" src=\"https:\/\/www.andreyschafis.ch\/wp-content\/uploads\/2019\/11\/grapes.jpg\" alt=\"\" width=\"1024\" height=\"391\"><\/p>\n<span class=\"et_bloom_bottom_trigger\"><\/span>","protected":false},"excerpt":{"rendered":"<p>Offrez des vins avec des histoires ! A Schafis et au Landeron, 4,4 hectares sont consacr\u00e9s \u00e0 la culture de ce qui enchantera plus tard votre palais. Lors de la production de nos vins, nous accordons une grande importance au respect de l&rsquo;environnement et au terroir unique. Tous nos vins de qualit\u00e9 sont vinifi\u00e9s enti\u00e8rement [&hellip;]<\/p>\n","protected":false},"featured_media":33649,"template":"","meta":{"_et_pb_use_builder":"off","_et_pb_old_content":"<p>Chasselas pur, d'un jaune dor\u00e9 \u00e9tincelant et sentant d\u00e9licieusement le raisin. S\u00e9duisant et doux, il fait penser non seulement \u00e0 des raisins bien m\u00fbrs, mais aussi au sureau et aux groseilles blanches. Un conseil d'expert : \u00e0 d\u00e9guster avec des fromages \u00e0 p\u00e2te dure !<\/p><p>75 cl<\/p><p> <\/p>","_et_gb_content_width":""},"product_brand":[],"product_cat":[62],"product_tag":[],"class_list":{"0":"post-39736","1":"product","2":"type-product","3":"status-publish","4":"has-post-thumbnail","6":"product_cat-les-box","8":"first","9":"instock","10":"taxable","11":"shipping-taxable","12":"purchasable","13":"product-type-simple"},"_links":{"self":[{"href":"https:\/\/www.andreyschafis.ch\/fr\/wp-json\/wp\/v2\/product\/39736","targetHints":{"allow":["GET"]}}],"collection":[{"href":"https:\/\/www.andreyschafis.ch\/fr\/wp-json\/wp\/v2\/product"}],"about":[{"href":"https:\/\/www.andreyschafis.ch\/fr\/wp-json\/wp\/v2\/types\/product"}],"wp:featuredmedia":[{"embeddable":true,"href":"https:\/\/www.andreyschafis.ch\/fr\/wp-json\/wp\/v2\/media\/33649"}],"wp:attachment":[{"href":"https:\/\/www.andreyschafis.ch\/fr\/wp-json\/wp\/v2\/media?parent=39736"}],"wp:term":[{"taxonomy":"product_brand","embeddable":true,"href":"https:\/\/www.andreyschafis.ch\/fr\/wp-json\/wp\/v2\/product_brand?post=39736"},{"taxonomy":"product_cat","embeddable":true,"href":"https:\/\/www.andreyschafis.ch\/fr\/wp-json\/wp\/v2\/product_cat?post=39736"},{"taxonomy":"product_tag","embeddable":true,"href":"https:\/\/www.andreyschafis.ch\/fr\/wp-json\/wp\/v2\/product_tag?post=39736"}],"curies":[{"name":"wp","href":"https:\/\/api.w.org\/{rel}","templated":true}]}}