{"id":39735,"date":"2019-11-06T22:04:35","date_gmt":"2024-12-11T14:01:34","guid":{"rendered":"https:\/\/www.andreyschafis.ch\/shop\/set-cadeau-reserve\/"},"modified":"2024-12-11T15:01:34","modified_gmt":"2024-12-11T14:01:34","slug":"set-cadeau-reserve","status":"publish","type":"product","link":"https:\/\/www.andreyschafis.ch\/fr\/shop\/set-cadeau-reserve\/","title":{"rendered":"Set cadeau -reserve-"},"content":{"rendered":"<p>A Schafis et au Landeron, 4,4 hectares sont consacr\u00e9s \u00e0 la culture de ce qui enchantera plus tard votre palais. Lors de la production de nos vins, nous attachons une grande importance au respect de l&rsquo;environnement et au terroir unique. Tous nos vins de qualit\u00e9 sont vinifi\u00e9s enti\u00e8rement \u00e0 la main et \u00e9lev\u00e9s avec soin. Ils atteignent ainsi une authenticit\u00e9 qui enthousiasme &#8211; et qui se fonde sur une riche tradition. 1 Pinot Noir Barrique AOC Neuch\u00e2tel 75cl<br \/>\n\u00c9lev\u00e9 en ch\u00eane fran\u00e7ais pendant 18 mois. Rubis \u00e9tincelant, nez bourguignon. La bouche est \u00e9l\u00e9gante et cisel\u00e9e, chaleureuse avec de belles notes fruit\u00e9es accompagn\u00e9es d&rsquo;une agr\u00e9able amertume. Un compagnon de repas classique. A d\u00e9canter &#8211; ou \u00e0 laisser vieillir encore un peu.   <\/p>\n<p>&nbsp;<\/p>\n<p><img decoding=\"async\" class=\"aligncenter wp-image-25768 size-large\" src=\"https:\/\/www.andreyschafis.ch\/wp-content\/uploads\/2019\/11\/grapes.jpg\" alt=\"\" width=\"1024\" height=\"391\"><\/p>\n<span class=\"et_bloom_bottom_trigger\"><\/span>","protected":false},"excerpt":{"rendered":"<p>A Schafis et au Landeron, 4,4 hectares sont consacr\u00e9s \u00e0 la culture de ce qui enchantera plus tard votre palais. Lors de la production de nos vins, nous attachons une grande importance au respect de l&rsquo;environnement et au terroir unique. Tous nos vins de qualit\u00e9 sont vinifi\u00e9s enti\u00e8rement \u00e0 la main et \u00e9lev\u00e9s avec soin. [&hellip;]<\/p>\n","protected":false},"featured_media":33653,"template":"","meta":{"_et_pb_use_builder":"off","_et_pb_old_content":"<p>Chasselas pur, d'un jaune dor\u00e9 \u00e9tincelant et sentant d\u00e9licieusement le raisin. S\u00e9duisant et doux, il fait penser non seulement \u00e0 des raisins bien m\u00fbrs, mais aussi au sureau et aux groseilles blanches. Un conseil d'expert : \u00e0 d\u00e9guster avec des fromages \u00e0 p\u00e2te dure !<\/p><p>75 cl<\/p><p> <\/p>","_et_gb_content_width":""},"product_brand":[],"product_cat":[62],"product_tag":[],"class_list":{"0":"post-39735","1":"product","2":"type-product","3":"status-publish","4":"has-post-thumbnail","6":"product_cat-les-box","8":"first","9":"instock","10":"taxable","11":"shipping-taxable","12":"purchasable","13":"product-type-simple"},"_links":{"self":[{"href":"https:\/\/www.andreyschafis.ch\/fr\/wp-json\/wp\/v2\/product\/39735","targetHints":{"allow":["GET"]}}],"collection":[{"href":"https:\/\/www.andreyschafis.ch\/fr\/wp-json\/wp\/v2\/product"}],"about":[{"href":"https:\/\/www.andreyschafis.ch\/fr\/wp-json\/wp\/v2\/types\/product"}],"wp:featuredmedia":[{"embeddable":true,"href":"https:\/\/www.andreyschafis.ch\/fr\/wp-json\/wp\/v2\/media\/33653"}],"wp:attachment":[{"href":"https:\/\/www.andreyschafis.ch\/fr\/wp-json\/wp\/v2\/media?parent=39735"}],"wp:term":[{"taxonomy":"product_brand","embeddable":true,"href":"https:\/\/www.andreyschafis.ch\/fr\/wp-json\/wp\/v2\/product_brand?post=39735"},{"taxonomy":"product_cat","embeddable":true,"href":"https:\/\/www.andreyschafis.ch\/fr\/wp-json\/wp\/v2\/product_cat?post=39735"},{"taxonomy":"product_tag","embeddable":true,"href":"https:\/\/www.andreyschafis.ch\/fr\/wp-json\/wp\/v2\/product_tag?post=39735"}],"curies":[{"name":"wp","href":"https:\/\/api.w.org\/{rel}","templated":true}]}}