{"id":39243,"date":"2021-11-11T10:51:56","date_gmt":"2024-07-12T06:49:24","guid":{"rendered":"https:\/\/www.andreyschafis.ch\/shop\/mon-propre-cep-de-vigne\/"},"modified":"2024-12-10T17:15:07","modified_gmt":"2024-12-10T16:15:07","slug":"mon-propre-cep-de-vigne","status":"publish","type":"product","link":"https:\/\/www.andreyschafis.ch\/fr\/shop\/mon-propre-cep-de-vigne\/","title":{"rendered":"Mon propre cep de vigne"},"content":{"rendered":"<span class=\"et_bloom_bottom_trigger\"><\/span>","protected":false},"excerpt":{"rendered":"<h4><\/h4>\n<h4>Tu re\u00e7ois<\/h4>\n<ul>\n<li>Un certificat avec ton nom, ton num\u00e9ro de vigne et la date par la poste.<\/li>\n<li>Inscription personnelle sur ton cep (max. 50 caract\u00e8res)<\/li>\n<li>Invitation en avril au domaine viticole pour le marquage de ton cep de vigne, suivie d&rsquo;un ap\u00e9ritif et de superbes discussions entre amateurs de vin.<\/li>\n<li>Une bouteille de Pinot Noir \u00e0 ton nom chaque ann\u00e9e pendant 5 ans.<\/li>\n<li>Newsletter annuelle avec des informations passionnantes sur l&rsquo;ann\u00e9e viticole<\/li>\n<\/ul>\n<hr>\n<p>Tu veux offrir le cep de vigne ?<br \/>\nRemplis le formulaire ci-dessous avec les coordonn\u00e9es du futur propri\u00e9taire du cep de vigne afin que nous puissions l&rsquo;informer chaque ann\u00e9e de nos \u00e9v\u00e9nements et des dates de ramassage.<\/p>\n","protected":false},"featured_media":33635,"template":"","meta":{"_et_pb_use_builder":"","_et_pb_old_content":"","_et_gb_content_width":""},"product_brand":[],"product_cat":[38,89],"product_tag":[],"class_list":{"0":"post-39243","1":"product","2":"type-product","3":"status-publish","4":"has-post-thumbnail","6":"product_cat-autre","7":"product_cat-parrainage-dun-cep-de-vigne","8":"product_shipping_class-bons-dachat","9":"wcpa_has_options","11":"first","12":"instock","13":"taxable","14":"shipping-taxable","15":"purchasable","16":"product-type-simple"},"_links":{"self":[{"href":"https:\/\/www.andreyschafis.ch\/fr\/wp-json\/wp\/v2\/product\/39243","targetHints":{"allow":["GET"]}}],"collection":[{"href":"https:\/\/www.andreyschafis.ch\/fr\/wp-json\/wp\/v2\/product"}],"about":[{"href":"https:\/\/www.andreyschafis.ch\/fr\/wp-json\/wp\/v2\/types\/product"}],"wp:featuredmedia":[{"embeddable":true,"href":"https:\/\/www.andreyschafis.ch\/fr\/wp-json\/wp\/v2\/media\/33635"}],"wp:attachment":[{"href":"https:\/\/www.andreyschafis.ch\/fr\/wp-json\/wp\/v2\/media?parent=39243"}],"wp:term":[{"taxonomy":"product_brand","embeddable":true,"href":"https:\/\/www.andreyschafis.ch\/fr\/wp-json\/wp\/v2\/product_brand?post=39243"},{"taxonomy":"product_cat","embeddable":true,"href":"https:\/\/www.andreyschafis.ch\/fr\/wp-json\/wp\/v2\/product_cat?post=39243"},{"taxonomy":"product_tag","embeddable":true,"href":"https:\/\/www.andreyschafis.ch\/fr\/wp-json\/wp\/v2\/product_tag?post=39243"}],"curies":[{"name":"wp","href":"https:\/\/api.w.org\/{rel}","templated":true}]}}