{"id":25271,"date":"2018-04-15T16:35:46","date_gmt":"2018-04-15T14:35:46","guid":{"rendered":"http:\/\/wp2018.andreyschafis.ch\/produkt\/regent-bielersee-aoc\/"},"modified":"2025-03-26T09:29:37","modified_gmt":"2025-03-26T08:29:37","slug":"regent-bielersee-aoc","status":"publish","type":"product","link":"https:\/\/www.andreyschafis.ch\/fr\/shop\/regent-bielersee-aoc\/","title":{"rendered":"Regent Lac de Bienne AOC"},"content":{"rendered":"<p>[et_pb_section fb_built=\u00a0\u00bb1&Prime; _builder_version=\u00a0\u00bb4.16&Prime; custom_padding=\u00a0\u00bb0px||||false|false\u00a0\u00bb global_colors_info=\u00a0\u00bb{}\u00a0\u00bb][et_pb_row _builder_version=\u00a0\u00bb4.16&Prime; background_size=\u00a0\u00bbinitial\u00a0\u00bb background_position=\u00a0\u00bbtop_left\u00a0\u00bb background_repeat=\u00a0\u00bbrepeat\u00a0\u00bb width=\u00a0\u00bb100%\u00a0\u00bb custom_padding=\u00a0\u00bb0px||0px||false|false\u00a0\u00bb global_colors_info=\u00a0\u00bb{}\u00a0\u00bb][et_pb_column type=\u00a0\u00bb4_4&Prime; _builder_version=\u00a0\u00bb4.16&Prime; custom_padding=\u00a0\u00bb|||\u00a0\u00bb global_colors_info=\u00a0\u00bb{}\u00a0\u00bb custom_padding__hover=\u00a0\u00bb|||\u00a0\u00bb][et_pb_wc_breadcrumb _builder_version=\u00a0\u00bb4.16&Prime; global_colors_info=\u00a0\u00bb{}\u00a0\u00bb][\/et_pb_wc_breadcrumb][et_pb_wc_cart_notice _builder_version=\u00a0\u00bb4.16&Prime; global_colors_info=\u00a0\u00bb{}\u00a0\u00bb][\/et_pb_wc_cart_notice][\/et_pb_column][\/et_pb_row][et_pb_row column_structure=\u00a0\u00bb1_2,1_2&Prime; _builder_version=\u00a0\u00bb4.16&Prime; background_size=\u00a0\u00bbinitial\u00a0\u00bb background_position=\u00a0\u00bbtop_left\u00a0\u00bb background_repeat=\u00a0\u00bbrepeat\u00a0\u00bb width=\u00a0\u00bb100%\u00a0\u00bb custom_padding=\u00a0\u00bb0px||||false|false\u00a0\u00bb global_colors_info=\u00a0\u00bb{}\u00a0\u00bb][et_pb_column type=\u00a0\u00bb1_2&Prime; _builder_version=\u00a0\u00bb4.16&Prime; custom_padding=\u00a0\u00bb|||\u00a0\u00bb global_colors_info=\u00a0\u00bb{}\u00a0\u00bb custom_padding__hover=\u00a0\u00bb|||\u00a0\u00bb][et_pb_wc_images _builder_version=\u00a0\u00bb4.16&Prime; global_colors_info=\u00a0\u00bb{}\u00a0\u00bb][\/et_pb_wc_images][\/et_pb_column][et_pb_column type=\u00a0\u00bb1_2&Prime; _builder_version=\u00a0\u00bb4.16&Prime; custom_padding=\u00a0\u00bb|||\u00a0\u00bb global_colors_info=\u00a0\u00bb{}\u00a0\u00bb custom_padding__hover=\u00a0\u00bb|||\u00a0\u00bb][et_pb_wc_title _builder_version=\u00a0\u00bb4.16&Prime; global_colors_info=\u00a0\u00bb{}\u00a0\u00bb][\/et_pb_wc_title][et_pb_wc_rating _builder_version=\u00a0\u00bb4.16&Prime; global_colors_info=\u00a0\u00bb{}\u00a0\u00bb][\/et_pb_wc_rating][et_pb_wc_price _builder_version=\u00a0\u00bb4.16&Prime; global_colors_info=\u00a0\u00bb{}\u00a0\u00bb][\/et_pb_wc_price][et_pb_image src=\u00a0\u00bbhttps:\/\/www.andreyschafis.ch\/wp-content\/uploads\/2018\/04\/Regent.png\u00a0\u00bb title_text=\u00a0\u00bbRegent\u00a0\u00bb _builder_version=\u00a0\u00bb4.25.1&Prime; _module_preset=\u00a0\u00bbdefault\u00a0\u00bb max_width=\u00a0\u00bb160px\u00a0\u00bb custom_margin=\u00a0\u00bb40px||40px||true|false\u00a0\u00bb locked=\u00a0\u00bboff\u00a0\u00bb global_colors_info=\u00a0\u00bb{}\u00a0\u00bb][\/et_pb_image][et_pb_wc_description _builder_version=\u00a0\u00bb4.16&Prime; global_colors_info=\u00a0\u00bb{}\u00a0\u00bb][\/et_pb_wc_description][et_pb_wc_add_to_cart _builder_version=\u00a0\u00bb4.16&Prime; global_colors_info=\u00a0\u00bb{}\u00a0\u00bb][\/et_pb_wc_add_to_cart][et_pb_wc_meta _builder_version=\u00a0\u00bb4.16&Prime; global_colors_info=\u00a0\u00bb{}\u00a0\u00bb][\/et_pb_wc_meta][\/et_pb_column][\/et_pb_row][et_pb_row _builder_version=\u00a0\u00bb4.16&Prime; background_size=\u00a0\u00bbinitial\u00a0\u00bb background_position=\u00a0\u00bbtop_left\u00a0\u00bb background_repeat=\u00a0\u00bbrepeat\u00a0\u00bb width=\u00a0\u00bb100%\u00a0\u00bb global_colors_info=\u00a0\u00bb{}\u00a0\u00bb][et_pb_column type=\u00a0\u00bb4_4&Prime; _builder_version=\u00a0\u00bb4.16&Prime; custom_padding=\u00a0\u00bb|||\u00a0\u00bb global_colors_info=\u00a0\u00bb{}\u00a0\u00bb custom_padding__hover=\u00a0\u00bb|||\u00a0\u00bb][et_pb_wc_tabs _builder_version=\u00a0\u00bb4.16&Prime; global_colors_info=\u00a0\u00bb{}\u00a0\u00bb]\t\t\t\t\t[\/et_pb_wc_tabs][et_pb_wc_upsells _builder_version=\u00a0\u00bb4.16&Prime; global_colors_info=\u00a0\u00bb{}\u00a0\u00bb][\/et_pb_wc_upsells][et_pb_wc_related_products _builder_version=\u00a0\u00bb4.25.1&Prime; custom_margin=\u00a0\u00bb60px||||false|false\u00a0\u00bb global_colors_info=\u00a0\u00bb{}\u00a0\u00bb][\/et_pb_wc_related_products][\/et_pb_column][\/et_pb_row][\/et_pb_section]<\/p>\n<span class=\"et_bloom_bottom_trigger\"><\/span>","protected":false},"excerpt":{"rendered":"","protected":false},"featured_media":38829,"template":"","meta":{"_et_pb_use_builder":"on","_et_pb_old_content":"<strong>Samtig. W\u00fcrzig. Aromatisch.<\/strong>\r\n\r\nL\u00e4sst Erinnerungen an den S\u00fcden aufkommen: Vollmundig und temperamentvoll. Und doch samtig weich mit Tiefgang. Eine sch\u00f6ne, ausgewogene Struktur aus dunklen Fr\u00fcchten wie etwa schwarzer Kirsche. Fleischig, w\u00fcrzig und warmherzig.\r\n\r\nHerkunft: Drei-Seen-Region \/ Schafis\r\nTraubensorte: Regent\r\nGenussreife: 1 bis 5+ Jahre\r\nServicetemperatur: 16 bis 18 \u00b0C\r\nPasst zu: Steak, Gratin, Schimmelk\u00e4se\r\nVinifikation: Maischeg\u00e4rung, G\u00e4rung im Stahltank\r\nErnte: Handlese\r\nAusbau: In gebrauchten franz\u00f6sischen Barriques\r\nAusbaudauer: 10 - 12 Monate\r\nVolumen: 13 %\r\nSchweizer Produkt\r\nEnth\u00e4lt Sulfite\r\nJahrgangsangabe auf Anfrage\r\n\r\nAll unsere Weine sind vegan. Wir nehmen unser Leerglas zur\u00fcck, waschen es und verwenden es erneut. So reduzieren wir unseren CO2 Ausstoss.","_et_gb_content_width":""},"product_brand":[],"product_cat":[41],"product_tag":[],"class_list":{"0":"post-25271","1":"product","2":"type-product","3":"status-publish","4":"has-post-thumbnail","6":"product_cat-vin-rouge","8":"first","9":"instock","10":"taxable","11":"shipping-taxable","12":"purchasable","13":"product-type-simple"},"_links":{"self":[{"href":"https:\/\/www.andreyschafis.ch\/fr\/wp-json\/wp\/v2\/product\/25271","targetHints":{"allow":["GET"]}}],"collection":[{"href":"https:\/\/www.andreyschafis.ch\/fr\/wp-json\/wp\/v2\/product"}],"about":[{"href":"https:\/\/www.andreyschafis.ch\/fr\/wp-json\/wp\/v2\/types\/product"}],"wp:featuredmedia":[{"embeddable":true,"href":"https:\/\/www.andreyschafis.ch\/fr\/wp-json\/wp\/v2\/media\/38829"}],"wp:attachment":[{"href":"https:\/\/www.andreyschafis.ch\/fr\/wp-json\/wp\/v2\/media?parent=25271"}],"wp:term":[{"taxonomy":"product_brand","embeddable":true,"href":"https:\/\/www.andreyschafis.ch\/fr\/wp-json\/wp\/v2\/product_brand?post=25271"},{"taxonomy":"product_cat","embeddable":true,"href":"https:\/\/www.andreyschafis.ch\/fr\/wp-json\/wp\/v2\/product_cat?post=25271"},{"taxonomy":"product_tag","embeddable":true,"href":"https:\/\/www.andreyschafis.ch\/fr\/wp-json\/wp\/v2\/product_tag?post=25271"}],"curies":[{"name":"wp","href":"https:\/\/api.w.org\/{rel}","templated":true}]}}