{"id":25265,"date":"2018-04-15T16:27:30","date_gmt":"2018-04-15T14:27:30","guid":{"rendered":"http:\/\/wp2018.andreyschafis.ch\/produkt\/pinot-noir-bielersee-aoc\/"},"modified":"2024-12-10T17:15:29","modified_gmt":"2024-12-10T16:15:29","slug":"pinot-noir-bielersee-aoc","status":"publish","type":"product","link":"https:\/\/www.andreyschafis.ch\/fr\/shop\/pinot-noir-bielersee-aoc\/","title":{"rendered":"Pinot Noir Lac de Bienne AOC"},"content":{"rendered":"<p>[et_pb_section fb_built=\u00a0\u00bb1&Prime; _builder_version=\u00a0\u00bb4.16&Prime; custom_padding=\u00a0\u00bb0px||||false|false\u00a0\u00bb global_colors_info=\u00a0\u00bb{}\u00a0\u00bb][et_pb_row _builder_version=\u00a0\u00bb4.16&Prime; background_size=\u00a0\u00bbinitial\u00a0\u00bb background_position=\u00a0\u00bbtop_left\u00a0\u00bb background_repeat=\u00a0\u00bbrepeat\u00a0\u00bb width=\u00a0\u00bb100%\u00a0\u00bb custom_padding=\u00a0\u00bb0px||0px||false|false\u00a0\u00bb global_colors_info=\u00a0\u00bb{}\u00a0\u00bb][et_pb_column type=\u00a0\u00bb4_4&Prime; _builder_version=\u00a0\u00bb4.16&Prime; custom_padding=\u00a0\u00bb|||\u00a0\u00bb global_colors_info=\u00a0\u00bb{}\u00a0\u00bb custom_padding__hover=\u00a0\u00bb|||\u00a0\u00bb][et_pb_wc_breadcrumb _builder_version=\u00a0\u00bb4.16&Prime; global_colors_info=\u00a0\u00bb{}\u00a0\u00bb][\/et_pb_wc_breadcrumb][et_pb_wc_cart_notice _builder_version=\u00a0\u00bb4.16&Prime; global_colors_info=\u00a0\u00bb{}\u00a0\u00bb][\/et_pb_wc_cart_notice][\/et_pb_column][\/et_pb_row][et_pb_row _builder_version=\u00a0\u00bb4.16&Prime; background_size=\u00a0\u00bbinitial\u00a0\u00bb background_position=\u00a0\u00bbtop_left\u00a0\u00bb background_repeat=\u00a0\u00bbrepeat\u00a0\u00bb width=\u00a0\u00bb100%\u00a0\u00bb custom_padding=\u00a0\u00bb0px||||false|false\u00a0\u00bb global_colors_info=\u00a0\u00bb{}\u00a0\u00bb column_structure=\u00a0\u00bb1_2,1_2&Prime;][et_pb_column type=\u00a0\u00bb1_2&Prime; _builder_version=\u00a0\u00bb4.16&Prime; custom_padding=\u00a0\u00bb|||\u00a0\u00bb global_colors_info=\u00a0\u00bb{}\u00a0\u00bb custom_padding__hover=\u00a0\u00bb|||\u00a0\u00bb][et_pb_wc_images _builder_version=\u00a0\u00bb4.16&Prime; global_colors_info=\u00a0\u00bb{}\u00a0\u00bb][\/et_pb_wc_images][\/et_pb_column][et_pb_column type=\u00a0\u00bb1_2&Prime; _builder_version=\u00a0\u00bb4.16&Prime; custom_padding=\u00a0\u00bb|||\u00a0\u00bb global_colors_info=\u00a0\u00bb{}\u00a0\u00bb custom_padding__hover=\u00a0\u00bb|||\u00a0\u00bb][et_pb_wc_title _builder_version=\u00a0\u00bb4.16&Prime; global_colors_info=\u00a0\u00bb{}\u00a0\u00bb][\/et_pb_wc_title][et_pb_wc_rating _builder_version=\u00a0\u00bb4.16&Prime; global_colors_info=\u00a0\u00bb{}\u00a0\u00bb][\/et_pb_wc_rating][et_pb_wc_price _builder_version=\u00a0\u00bb4.16&Prime; global_colors_info=\u00a0\u00bb{}\u00a0\u00bb][\/et_pb_wc_price][et_pb_image src=\u00a0\u00bbhttps:\/\/www.andreyschafis.ch\/wp-content\/uploads\/2018\/04\/Pinot-Noir.png\u00a0\u00bb title_text=\u00a0\u00bbPinot Noir\u00a0\u00bb _builder_version=\u00a0\u00bb4.25.1&Prime; _module_preset=\u00a0\u00bbdefault\u00a0\u00bb max_width=\u00a0\u00bb160px\u00a0\u00bb custom_margin=\u00a0\u00bb40px||40px||true|false\u00a0\u00bb hover_enabled=\u00a0\u00bb0&Prime; global_colors_info=\u00a0\u00bb{}\u00a0\u00bb sticky_enabled=\u00a0\u00bb0&Prime; locked=\u00a0\u00bboff\u00a0\u00bb][\/et_pb_image][et_pb_wc_description _builder_version=\u00a0\u00bb4.16&Prime; global_colors_info=\u00a0\u00bb{}\u00a0\u00bb][\/et_pb_wc_description][et_pb_wc_add_to_cart _builder_version=\u00a0\u00bb4.16&Prime; global_colors_info=\u00a0\u00bb{}\u00a0\u00bb][\/et_pb_wc_add_to_cart][et_pb_wc_meta _builder_version=\u00a0\u00bb4.16&Prime; global_colors_info=\u00a0\u00bb{}\u00a0\u00bb][\/et_pb_wc_meta][\/et_pb_column][\/et_pb_row][et_pb_row _builder_version=\u00a0\u00bb4.16&Prime; background_size=\u00a0\u00bbinitial\u00a0\u00bb background_position=\u00a0\u00bbtop_left\u00a0\u00bb background_repeat=\u00a0\u00bbrepeat\u00a0\u00bb width=\u00a0\u00bb100%\u00a0\u00bb global_colors_info=\u00a0\u00bb{}\u00a0\u00bb][et_pb_column type=\u00a0\u00bb4_4&Prime; _builder_version=\u00a0\u00bb4.16&Prime; custom_padding=\u00a0\u00bb|||\u00a0\u00bb global_colors_info=\u00a0\u00bb{}\u00a0\u00bb custom_padding__hover=\u00a0\u00bb|||\u00a0\u00bb][et_pb_wc_tabs _builder_version=\u00a0\u00bb4.16&Prime; global_colors_info=\u00a0\u00bb{}\u00a0\u00bb]\t\t\t\t\t[\/et_pb_wc_tabs][et_pb_wc_upsells _builder_version=\u00a0\u00bb4.16&Prime; global_colors_info=\u00a0\u00bb{}\u00a0\u00bb][\/et_pb_wc_upsells][et_pb_wc_related_products _builder_version=\u00a0\u00bb4.25.1&Prime; hover_enabled=\u00a0\u00bb0&Prime; global_colors_info=\u00a0\u00bb{}\u00a0\u00bb custom_margin=\u00a0\u00bb60px||||false|false\u00a0\u00bb sticky_enabled=\u00a0\u00bb0&Prime;][\/et_pb_wc_related_products][\/et_pb_column][\/et_pb_row][\/et_pb_section]<\/p>\n<span class=\"et_bloom_bottom_trigger\"><\/span>","protected":false},"excerpt":{"rendered":"","protected":false},"featured_media":38833,"template":"","meta":{"_et_pb_use_builder":"on","_et_pb_old_content":"<strong>Charmant. L\u00e9ger. Filigran.<\/strong>\n\nComme une \u00e9treinte chaleureuse. Cerise flatteuse et ar\u00f4mes chaleureux de cassis. Vient avec l\u00e9g\u00e8ret\u00e9 et reste bien pr\u00e9sent pendant un moment. Un pinot noir qu'on ne l\u00e2che pas de sit\u00f4t.\n\nOrigine : r\u00e9gion des Trois-Lacs \/ Schafis\nC\u00e9page : Pinot noir\nConsommation : 1 \u00e0 5+ ans\nTemp\u00e9rature de service : 14 \u00e0 16 \u00b0C\nD\u00e9licieux avec : P\u00e2tes, champignons, saucisse de dr\u00eache\nVinification : Fermentation en cuve d'acier, pressurage doux\nR\u00e9colte : R\u00e9colte manuelle\n\u00c9levage : cuve en acier\nDur\u00e9e de l'extension : 8 mois\nVolume : 12,6 %\n\nTous nos vins sont v\u00e9g\u00e9taliens. Nous reprenons notre verre vide, le lavons et le r\u00e9utilisons. Nous r\u00e9duisons ainsi nos \u00e9missions de CO2.","_et_gb_content_width":""},"product_brand":[],"product_cat":[41],"product_tag":[],"class_list":{"0":"post-25265","1":"product","2":"type-product","3":"status-publish","4":"has-post-thumbnail","6":"product_cat-vin-rouge","8":"first","9":"instock","10":"taxable","11":"shipping-taxable","12":"purchasable","13":"product-type-variable","14":"has-default-attributes"},"_links":{"self":[{"href":"https:\/\/www.andreyschafis.ch\/fr\/wp-json\/wp\/v2\/product\/25265","targetHints":{"allow":["GET"]}}],"collection":[{"href":"https:\/\/www.andreyschafis.ch\/fr\/wp-json\/wp\/v2\/product"}],"about":[{"href":"https:\/\/www.andreyschafis.ch\/fr\/wp-json\/wp\/v2\/types\/product"}],"wp:featuredmedia":[{"embeddable":true,"href":"https:\/\/www.andreyschafis.ch\/fr\/wp-json\/wp\/v2\/media\/38833"}],"wp:attachment":[{"href":"https:\/\/www.andreyschafis.ch\/fr\/wp-json\/wp\/v2\/media?parent=25265"}],"wp:term":[{"taxonomy":"product_brand","embeddable":true,"href":"https:\/\/www.andreyschafis.ch\/fr\/wp-json\/wp\/v2\/product_brand?post=25265"},{"taxonomy":"product_cat","embeddable":true,"href":"https:\/\/www.andreyschafis.ch\/fr\/wp-json\/wp\/v2\/product_cat?post=25265"},{"taxonomy":"product_tag","embeddable":true,"href":"https:\/\/www.andreyschafis.ch\/fr\/wp-json\/wp\/v2\/product_tag?post=25265"}],"curies":[{"name":"wp","href":"https:\/\/api.w.org\/{rel}","templated":true}]}}