{"id":25261,"date":"2018-04-15T16:07:54","date_gmt":"2018-04-15T14:07:54","guid":{"rendered":"http:\/\/wp2018.andreyschafis.ch\/produkt\/chardonnay-barrique-aoc-neuchatel\/"},"modified":"2024-12-11T14:26:54","modified_gmt":"2024-12-11T13:26:54","slug":"chardonnay-barrique-aoc-neuchatel","status":"publish","type":"product","link":"https:\/\/www.andreyschafis.ch\/fr\/shop\/chardonnay-barrique-aoc-neuchatel\/","title":{"rendered":"Chardonnay Vermont Barrique AOC Neuch\u00e2tel"},"content":{"rendered":"<p>[et_pb_section fb_built=\u00a0\u00bb1&Prime; _builder_version=\u00a0\u00bb4.16&Prime; custom_padding=\u00a0\u00bb0px||||false|false\u00a0\u00bb global_colors_info=\u00a0\u00bb{}\u00a0\u00bb][et_pb_row _builder_version=\u00a0\u00bb4.16&Prime; background_size=\u00a0\u00bbinitial\u00a0\u00bb background_position=\u00a0\u00bbtop_left\u00a0\u00bb background_repeat=\u00a0\u00bbrepeat\u00a0\u00bb width=\u00a0\u00bb100%\u00a0\u00bb custom_padding=\u00a0\u00bb0px||0px||false|false\u00a0\u00bb global_colors_info=\u00a0\u00bb{}\u00a0\u00bb][et_pb_column type=\u00a0\u00bb4_4&Prime; _builder_version=\u00a0\u00bb4.16&Prime; custom_padding=\u00a0\u00bb|||\u00a0\u00bb global_colors_info=\u00a0\u00bb{}\u00a0\u00bb custom_padding__hover=\u00a0\u00bb|||\u00a0\u00bb][et_pb_wc_breadcrumb _builder_version=\u00a0\u00bb4.16&Prime; global_colors_info=\u00a0\u00bb{}\u00a0\u00bb][\/et_pb_wc_breadcrumb][et_pb_wc_cart_notice _builder_version=\u00a0\u00bb4.16&Prime; global_colors_info=\u00a0\u00bb{}\u00a0\u00bb][\/et_pb_wc_cart_notice][\/et_pb_column][\/et_pb_row][et_pb_row column_structure=\u00a0\u00bb1_2,1_2&Prime; _builder_version=\u00a0\u00bb4.16&Prime; background_size=\u00a0\u00bbinitial\u00a0\u00bb background_position=\u00a0\u00bbtop_left\u00a0\u00bb background_repeat=\u00a0\u00bbrepeat\u00a0\u00bb width=\u00a0\u00bb100%\u00a0\u00bb custom_padding=\u00a0\u00bb0px||||false|false\u00a0\u00bb global_colors_info=\u00a0\u00bb{}\u00a0\u00bb][et_pb_column type=\u00a0\u00bb1_2&Prime; _builder_version=\u00a0\u00bb4.16&Prime; custom_padding=\u00a0\u00bb|||\u00a0\u00bb global_colors_info=\u00a0\u00bb{}\u00a0\u00bb custom_padding__hover=\u00a0\u00bb|||\u00a0\u00bb][et_pb_wc_images _builder_version=\u00a0\u00bb4.16&Prime; global_colors_info=\u00a0\u00bb{}\u00a0\u00bb][\/et_pb_wc_images][\/et_pb_column][et_pb_column type=\u00a0\u00bb1_2&Prime; _builder_version=\u00a0\u00bb4.16&Prime; custom_padding=\u00a0\u00bb|||\u00a0\u00bb global_colors_info=\u00a0\u00bb{}\u00a0\u00bb custom_padding__hover=\u00a0\u00bb|||\u00a0\u00bb][et_pb_wc_title _builder_version=\u00a0\u00bb4.16&Prime; global_colors_info=\u00a0\u00bb{}\u00a0\u00bb][\/et_pb_wc_title][et_pb_wc_rating _builder_version=\u00a0\u00bb4.16&Prime; global_colors_info=\u00a0\u00bb{}\u00a0\u00bb][\/et_pb_wc_rating][et_pb_image src=\u00a0\u00bbhttps:\/\/www.andreyschafis.ch\/wp-content\/uploads\/2018\/04\/Chardonnay-Vermont.png\u00a0\u00bb title_text=\u00a0\u00bbChardonnay Vermont\u00a0\u00bb _builder_version=\u00a0\u00bb4.25.1&Prime; _module_preset=\u00a0\u00bbdefault\u00a0\u00bb max_width=\u00a0\u00bb160px\u00a0\u00bb custom_margin=\u00a0\u00bb40px||40px||true|false\u00a0\u00bb locked=\u00a0\u00bboff\u00a0\u00bb global_colors_info=\u00a0\u00bb{}\u00a0\u00bb][\/et_pb_image][et_pb_wc_price _builder_version=\u00a0\u00bb4.16&Prime; global_colors_info=\u00a0\u00bb{}\u00a0\u00bb][\/et_pb_wc_price][et_pb_wc_description _builder_version=\u00a0\u00bb4.16&Prime; global_colors_info=\u00a0\u00bb{}\u00a0\u00bb][\/et_pb_wc_description][et_pb_wc_add_to_cart _builder_version=\u00a0\u00bb4.16&Prime; global_colors_info=\u00a0\u00bb{}\u00a0\u00bb][\/et_pb_wc_add_to_cart][et_pb_wc_meta _builder_version=\u00a0\u00bb4.16&Prime; global_colors_info=\u00a0\u00bb{}\u00a0\u00bb][\/et_pb_wc_meta][\/et_pb_column][\/et_pb_row][et_pb_row _builder_version=\u00a0\u00bb4.16&Prime; background_size=\u00a0\u00bbinitial\u00a0\u00bb background_position=\u00a0\u00bbtop_left\u00a0\u00bb background_repeat=\u00a0\u00bbrepeat\u00a0\u00bb width=\u00a0\u00bb100%\u00a0\u00bb global_colors_info=\u00a0\u00bb{}\u00a0\u00bb][et_pb_column type=\u00a0\u00bb4_4&Prime; _builder_version=\u00a0\u00bb4.16&Prime; custom_padding=\u00a0\u00bb|||\u00a0\u00bb global_colors_info=\u00a0\u00bb{}\u00a0\u00bb custom_padding__hover=\u00a0\u00bb|||\u00a0\u00bb][et_pb_wc_tabs _builder_version=\u00a0\u00bb4.16&Prime; global_colors_info=\u00a0\u00bb{}\u00a0\u00bb]\t\t\t\t\t[\/et_pb_wc_tabs][et_pb_wc_upsells _builder_version=\u00a0\u00bb4.16&Prime; global_colors_info=\u00a0\u00bb{}\u00a0\u00bb][\/et_pb_wc_upsells][et_pb_wc_related_products _builder_version=\u00a0\u00bb4.25.1&Prime; custom_margin=\u00a0\u00bb60px||60px||true|false\u00a0\u00bb global_colors_info=\u00a0\u00bb{}\u00a0\u00bb][\/et_pb_wc_related_products][\/et_pb_column][\/et_pb_row][\/et_pb_section]<\/p>\n<span class=\"et_bloom_bottom_trigger\"><\/span>","protected":false},"excerpt":{"rendered":"","protected":false},"featured_media":38837,"template":"","meta":{"_et_pb_use_builder":"on","_et_pb_old_content":"<strong>Cors\u00e9. \u00c9quilibr\u00e9. \u00c9l\u00e9gant.<\/strong>\r\n\r\nCe vin de terroir aux multiples facettes, issu de vignes de plus de 40 ans, fait partie des premi\u00e8res sp\u00e9cialit\u00e9s de notre entreprise familiale. Le chardonnay \u00e9lev\u00e9 sous bois fait tout simplement plaisir - surtout avec du risotto, des asperges ou du veau. Complexe et \u00e9l\u00e9gant. Notes flatteuses de miel, de vanille discr\u00e8te et d'amande am\u00e8re. Soyeux en bouche avec des ar\u00f4mes de poire Williams. Un vin avec un potentiel de garde.\r\nOrigine : R\u00e9gion des Trois-Lacs \/ Le Landeron\r\nC\u00e9page : Chardonnay\r\nConsommation : 1 \u00e0 6+ ans\r\nTemp\u00e9rature de service : 8 \u00e0 11 \u00b0C\r\nAccord mets \/ vin : Veau, risotto, asperges\r\nVinification : Pressurage doux, fermentation et maturation en barriques\r\nR\u00e9colte : Vendange manuelle, raisins soigneusement tri\u00e9s\r\n\u00c9levage : En barrique fran\u00e7aise\r\nDur\u00e9e de l'\u00e9levage : 8 - 9 mois\r\nVolume : 12.5 %.\r\nProduit suisse\r\nContient des sulfites\r\nIndication du mill\u00e9sime sur demande\r\n\r\nTous nos vins sont v\u00e9g\u00e9taliens. Nous reprenons notre verre vide, le lavons et le r\u00e9utilisons. Nous r\u00e9duisons ainsi nos \u00e9missions de CO2.\r\n\r\n<strong>R\u00e9compenses<\/strong>\r\n<ul>\r\n \t<li style=\"text-align: left\">Goldmedaille Grand Prix du vin Suisse 2019<\/li>\r\n \t<li>Silbermedaille Grand Prix du Vin Suisse 2017<\/li>\r\n \t<li>Best of 3 Seen Expovina 2017<\/li>\r\n \t<li>M\u00e9daille d'argent Expovina 2017<\/li>\r\n<\/ul>\r\n<p data-wp-editing=\"1\"><img class=\"wp-image-25511 alignnone\" src=\"https:\/\/www.andreyschafis.ch\/wp-content\/uploads\/2018\/10\/expovina_argent_big-150x150.png\" alt=\"\" width=\"58\" height=\"58\" \/><img class=\"wp-image-25681 alignnone\" src=\"https:\/\/www.andreyschafis.ch\/wp-content\/uploads\/2018\/04\/Medaille-Gold-grandprix.png\" alt=\"\" width=\"63\" height=\"63\" \/><img class=\"wp-image-24914 size-full alignnone\" src=\"https:\/\/www.andreyschafis.ch\/wp-content\/uploads\/2018\/04\/inhalt_grandprixduvinsuisse_argent2017.png\" alt=\"\" width=\"58\" height=\"58\" \/><\/p>\r\n<p data-wp-editing=\"1\"><\/p>","_et_gb_content_width":""},"product_brand":[],"product_cat":[30],"product_tag":[],"class_list":{"0":"post-25261","1":"product","2":"type-product","3":"status-publish","4":"has-post-thumbnail","6":"product_cat-vin-blanc","7":"product_shipping_class-weine-fr","9":"first","10":"instock","11":"taxable","12":"shipping-taxable","13":"purchasable","14":"product-type-simple"},"_links":{"self":[{"href":"https:\/\/www.andreyschafis.ch\/fr\/wp-json\/wp\/v2\/product\/25261","targetHints":{"allow":["GET"]}}],"collection":[{"href":"https:\/\/www.andreyschafis.ch\/fr\/wp-json\/wp\/v2\/product"}],"about":[{"href":"https:\/\/www.andreyschafis.ch\/fr\/wp-json\/wp\/v2\/types\/product"}],"wp:featuredmedia":[{"embeddable":true,"href":"https:\/\/www.andreyschafis.ch\/fr\/wp-json\/wp\/v2\/media\/38837"}],"wp:attachment":[{"href":"https:\/\/www.andreyschafis.ch\/fr\/wp-json\/wp\/v2\/media?parent=25261"}],"wp:term":[{"taxonomy":"product_brand","embeddable":true,"href":"https:\/\/www.andreyschafis.ch\/fr\/wp-json\/wp\/v2\/product_brand?post=25261"},{"taxonomy":"product_cat","embeddable":true,"href":"https:\/\/www.andreyschafis.ch\/fr\/wp-json\/wp\/v2\/product_cat?post=25261"},{"taxonomy":"product_tag","embeddable":true,"href":"https:\/\/www.andreyschafis.ch\/fr\/wp-json\/wp\/v2\/product_tag?post=25261"}],"curies":[{"name":"wp","href":"https:\/\/api.w.org\/{rel}","templated":true}]}}