{"id":25252,"date":"2018-04-15T16:01:50","date_gmt":"2018-04-15T14:01:50","guid":{"rendered":"http:\/\/wp2018.andreyschafis.ch\/produkt\/pinot-gris-bielersee-aoc\/"},"modified":"2024-12-10T17:15:29","modified_gmt":"2024-12-10T16:15:29","slug":"pinot-gris-bielersee-aoc","status":"publish","type":"product","link":"https:\/\/www.andreyschafis.ch\/fr\/shop\/pinot-gris-bielersee-aoc\/","title":{"rendered":"Pinot Gris Lac de Bienne AOC"},"content":{"rendered":"<p>[et_pb_section fb_built=\u00a0\u00bb1&Prime; _builder_version=\u00a0\u00bb4.16&Prime; custom_padding=\u00a0\u00bb0px||||false|false\u00a0\u00bb global_colors_info=\u00a0\u00bb{}\u00a0\u00bb][et_pb_row _builder_version=\u00a0\u00bb4.16&Prime; background_size=\u00a0\u00bbinitial\u00a0\u00bb background_position=\u00a0\u00bbtop_left\u00a0\u00bb background_repeat=\u00a0\u00bbrepeat\u00a0\u00bb width=\u00a0\u00bb100%\u00a0\u00bb custom_padding=\u00a0\u00bb0px||0px||false|false\u00a0\u00bb global_colors_info=\u00a0\u00bb{}\u00a0\u00bb][et_pb_column type=\u00a0\u00bb4_4&Prime; _builder_version=\u00a0\u00bb4.16&Prime; custom_padding=\u00a0\u00bb|||\u00a0\u00bb global_colors_info=\u00a0\u00bb{}\u00a0\u00bb custom_padding__hover=\u00a0\u00bb|||\u00a0\u00bb][et_pb_wc_breadcrumb _builder_version=\u00a0\u00bb4.16&Prime; global_colors_info=\u00a0\u00bb{}\u00a0\u00bb][\/et_pb_wc_breadcrumb][et_pb_wc_cart_notice _builder_version=\u00a0\u00bb4.16&Prime; global_colors_info=\u00a0\u00bb{}\u00a0\u00bb][\/et_pb_wc_cart_notice][\/et_pb_column][\/et_pb_row][et_pb_row _builder_version=\u00a0\u00bb4.16&Prime; background_size=\u00a0\u00bbinitial\u00a0\u00bb background_position=\u00a0\u00bbtop_left\u00a0\u00bb background_repeat=\u00a0\u00bbrepeat\u00a0\u00bb width=\u00a0\u00bb100%\u00a0\u00bb custom_padding=\u00a0\u00bb0px||||false|false\u00a0\u00bb global_colors_info=\u00a0\u00bb{}\u00a0\u00bb column_structure=\u00a0\u00bb1_2,1_2&Prime;][et_pb_column type=\u00a0\u00bb1_2&Prime; _builder_version=\u00a0\u00bb4.16&Prime; custom_padding=\u00a0\u00bb|||\u00a0\u00bb global_colors_info=\u00a0\u00bb{}\u00a0\u00bb custom_padding__hover=\u00a0\u00bb|||\u00a0\u00bb][et_pb_wc_images _builder_version=\u00a0\u00bb4.16&Prime; global_colors_info=\u00a0\u00bb{}\u00a0\u00bb][\/et_pb_wc_images][\/et_pb_column][et_pb_column type=\u00a0\u00bb1_2&Prime; _builder_version=\u00a0\u00bb4.16&Prime; custom_padding=\u00a0\u00bb|||\u00a0\u00bb global_colors_info=\u00a0\u00bb{}\u00a0\u00bb custom_padding__hover=\u00a0\u00bb|||\u00a0\u00bb][et_pb_wc_title _builder_version=\u00a0\u00bb4.16&Prime; global_colors_info=\u00a0\u00bb{}\u00a0\u00bb][\/et_pb_wc_title][et_pb_wc_rating _builder_version=\u00a0\u00bb4.16&Prime; global_colors_info=\u00a0\u00bb{}\u00a0\u00bb][\/et_pb_wc_rating][et_pb_wc_price _builder_version=\u00a0\u00bb4.16&Prime; global_colors_info=\u00a0\u00bb{}\u00a0\u00bb][\/et_pb_wc_price][et_pb_image src=\u00a0\u00bbhttps:\/\/www.andreyschafis.ch\/wp-content\/uploads\/2018\/04\/Pinot-Gris.png\u00a0\u00bb title_text=\u00a0\u00bbPinot Gris\u00a0\u00bb _builder_version=\u00a0\u00bb4.25.1&Prime; _module_preset=\u00a0\u00bbdefault\u00a0\u00bb max_width=\u00a0\u00bb160px\u00a0\u00bb custom_margin=\u00a0\u00bb40px||40px||true|false\u00a0\u00bb hover_enabled=\u00a0\u00bb0&Prime; global_colors_info=\u00a0\u00bb{}\u00a0\u00bb sticky_enabled=\u00a0\u00bb0&Prime; locked=\u00a0\u00bboff\u00a0\u00bb][\/et_pb_image][et_pb_wc_description _builder_version=\u00a0\u00bb4.16&Prime; global_colors_info=\u00a0\u00bb{}\u00a0\u00bb][\/et_pb_wc_description][et_pb_wc_add_to_cart _builder_version=\u00a0\u00bb4.16&Prime; global_colors_info=\u00a0\u00bb{}\u00a0\u00bb][\/et_pb_wc_add_to_cart][et_pb_wc_meta _builder_version=\u00a0\u00bb4.16&Prime; global_colors_info=\u00a0\u00bb{}\u00a0\u00bb][\/et_pb_wc_meta][\/et_pb_column][\/et_pb_row][et_pb_row _builder_version=\u00a0\u00bb4.16&Prime; background_size=\u00a0\u00bbinitial\u00a0\u00bb background_position=\u00a0\u00bbtop_left\u00a0\u00bb background_repeat=\u00a0\u00bbrepeat\u00a0\u00bb width=\u00a0\u00bb100%\u00a0\u00bb global_colors_info=\u00a0\u00bb{}\u00a0\u00bb][et_pb_column type=\u00a0\u00bb4_4&Prime; _builder_version=\u00a0\u00bb4.16&Prime; custom_padding=\u00a0\u00bb|||\u00a0\u00bb global_colors_info=\u00a0\u00bb{}\u00a0\u00bb custom_padding__hover=\u00a0\u00bb|||\u00a0\u00bb][et_pb_wc_tabs _builder_version=\u00a0\u00bb4.16&Prime; global_colors_info=\u00a0\u00bb{}\u00a0\u00bb]\t\t\t\t\t[\/et_pb_wc_tabs][et_pb_wc_upsells _builder_version=\u00a0\u00bb4.16&Prime; global_colors_info=\u00a0\u00bb{}\u00a0\u00bb][\/et_pb_wc_upsells][et_pb_wc_related_products _builder_version=\u00a0\u00bb4.25.1&Prime; hover_enabled=\u00a0\u00bb0&Prime; global_colors_info=\u00a0\u00bb{}\u00a0\u00bb custom_margin=\u00a0\u00bb60px||||false|false\u00a0\u00bb sticky_enabled=\u00a0\u00bb0&Prime;][\/et_pb_wc_related_products][\/et_pb_column][\/et_pb_row][\/et_pb_section]<\/p>\n<span class=\"et_bloom_bottom_trigger\"><\/span>","protected":false},"excerpt":{"rendered":"","protected":false},"featured_media":38839,"template":"","meta":{"_et_pb_use_builder":"on","_et_pb_old_content":"<strong>Exprim\u00e9. Intensif. Fruit\u00e9.<\/strong>\n\nConquiert les c\u0153urs en un clin d'\u0153il. Pas une souris grise, mais un pinot gris expressif avec de la poigne : au nez, des ar\u00f4mes prononc\u00e9s de fruits \u00e0 noyau et de poire. En bouche, abricot. Fruit\u00e9 et frais avec une acidit\u00e9 bien int\u00e9gr\u00e9e. Un accompagnement de repas bienvenu avec des plats \u00e9pic\u00e9s et savoureux ou \u00e0 l'ap\u00e9ritif.\n\nOrigine : r\u00e9gion des Trois-Lacs \/ Schafis\nC\u00e9page : Pinot Gris\nConsommation : 1 \u00e0 4+ ans\nTemp\u00e9rature de service : 8 \u00e0 10 \u00b0C\nD\u00e9licieux avec : Lard, chili, fromage \u00e0 p\u00e2te molle\nVinification : mac\u00e9ration de 6h, pressurage doux\nR\u00e9colte : vendange manuelle, raisins soigneusement tri\u00e9s\n\u00c9levage : cuve en acier\nDur\u00e9e de l'extension : 8 mois\nVolume : 12,5 %\n\nTous nos vins sont v\u00e9g\u00e9taliens. Nous reprenons notre verre vide, le lavons et le r\u00e9utilisons. Nous r\u00e9duisons ainsi nos \u00e9missions de CO2.\n\n<strong>R\u00e9compenses<\/strong>\n<ul>\n \t<li>M\u00e9daille d'argent du vin bernois 2023<\/li>\n \t<li>M\u00e9daille d'argent Grand Prix du Vin Suisse 2019<\/li>\n \t<li>M\u00e9daille d'argent Grand Prix du Vin Suisse 2018<\/li>\n \t<li>M\u00e9daille d'or Grand Prix du Vin Suisse 2017<\/li>\n \t<li>M\u00e9daille d'argent Expovina 2017<\/li>\n<\/ul>\n<img class=\"alignnone wp-image-25681\" src=\"https:\/\/www.andreyschafis.ch\/wp-content\/uploads\/2018\/04\/Medaille-Gold-grandprix.png\" alt=\"\" width=\"65\" height=\"65\"><img class=\"alignnone wp-image-25671\" src=\"https:\/\/www.andreyschafis.ch\/wp-content\/uploads\/2019\/08\/Silbermedaillen_2019_DE.png\" alt=\"\" width=\"65\" height=\"66\"><img class=\"alignnone size-full wp-image-25509\" src=\"https:\/\/www.andreyschafis.ch\/wp-content\/uploads\/2018\/10\/expovina_argent_small.png\" alt=\"\" width=\"58\" height=\"58\">","_et_gb_content_width":""},"product_brand":[],"product_cat":[30],"product_tag":[],"class_list":{"0":"post-25252","1":"product","2":"type-product","3":"status-publish","4":"has-post-thumbnail","6":"product_cat-vin-blanc","7":"product_shipping_class-weine-fr","9":"first","10":"instock","11":"taxable","12":"shipping-taxable","13":"purchasable","14":"product-type-simple"},"_links":{"self":[{"href":"https:\/\/www.andreyschafis.ch\/fr\/wp-json\/wp\/v2\/product\/25252","targetHints":{"allow":["GET"]}}],"collection":[{"href":"https:\/\/www.andreyschafis.ch\/fr\/wp-json\/wp\/v2\/product"}],"about":[{"href":"https:\/\/www.andreyschafis.ch\/fr\/wp-json\/wp\/v2\/types\/product"}],"wp:featuredmedia":[{"embeddable":true,"href":"https:\/\/www.andreyschafis.ch\/fr\/wp-json\/wp\/v2\/media\/38839"}],"wp:attachment":[{"href":"https:\/\/www.andreyschafis.ch\/fr\/wp-json\/wp\/v2\/media?parent=25252"}],"wp:term":[{"taxonomy":"product_brand","embeddable":true,"href":"https:\/\/www.andreyschafis.ch\/fr\/wp-json\/wp\/v2\/product_brand?post=25252"},{"taxonomy":"product_cat","embeddable":true,"href":"https:\/\/www.andreyschafis.ch\/fr\/wp-json\/wp\/v2\/product_cat?post=25252"},{"taxonomy":"product_tag","embeddable":true,"href":"https:\/\/www.andreyschafis.ch\/fr\/wp-json\/wp\/v2\/product_tag?post=25252"}],"curies":[{"name":"wp","href":"https:\/\/api.w.org\/{rel}","templated":true}]}}