{"id":222663,"date":"2025-11-19T11:23:26","date_gmt":"2025-11-19T10:23:26","guid":{"rendered":"https:\/\/www.andreyschafis.ch\/shop\/vermouth-bianco\/"},"modified":"2025-11-19T13:42:03","modified_gmt":"2025-11-19T12:42:03","slug":"vermouth-bianco","status":"publish","type":"product","link":"https:\/\/www.andreyschafis.ch\/fr\/shop\/vermouth-bianco\/","title":{"rendered":"Vermouth Bianco"},"content":{"rendered":"<p style=\"margin-bottom: 4px\"><strong>Doux. Multiple. Fait \u00e0 la main.<\/strong><\/p>\n<p>Vermouth doux et harmonieux \u00e0 base de chasselas du lac de Bienne AOC.<br \/>\nVieilli en f\u00fbts de ch\u00eane suisses et aromatis\u00e9 avec des herbes locales, des abricots et des figues.<br \/>\nFabriqu\u00e9 avec beaucoup de travail manuel et d&rsquo;amour.<\/p>\n<p><strong>Ce que vous devez savoir sur notre vermouth :  <\/strong><\/p>\n<p>&#8211; Le vermouth est meilleur lorsqu&rsquo;il est servi frais \u00e0 environ 7-10 \u00b0C<br \/>\n&#8211; Vous pouvez le servir tout simplement pur dans un verre \u00e0 vin, ou avec de la glace et un zeste d&rsquo;orange.<br \/>\n&#8211; Vous pouvez aussi tr\u00e8s bien le verser sur de l&rsquo;eau tonique ou un vin mousseux pour une boisson l\u00e9g\u00e8re.<br \/>\n&#8211; Une fois ouvert, il se conserve environ 2 \u00e0 3 mois au r\u00e9frig\u00e9rateur.<\/p>\n<span class=\"et_bloom_bottom_trigger\"><\/span>","protected":false},"excerpt":{"rendered":"<p style=\"margin-top: 10px\">Produit \u00e0 partir de raisins Chasselas, vieilli en f\u00fbts de ch\u00eane suisses et aromatis\u00e9 avec des herbes locales, des abricots et des figues.<\/p>\n<p><strong>Recommandations de service :<\/strong><\/p>\n<ul>\n<li>R\u00e9frig\u00e9r\u00e9 \u00e0 7-10 \u00b0C<\/li>\n<li>Pur dans un verre \u00e0 vin ou avec de la glace et un zeste d&rsquo;orange<\/li>\n<li>Un plaisir \u00e9galement avec un tonic ou un vin mousseux<\/li>\n<\/ul>\n<p><strong>Conservation :<\/strong> apr\u00e8s ouverture, environ 2-3 mois au r\u00e9frig\u00e9rateur<\/p>\n<p style=\"margin-top: 6px\"><strong>Contenu :<\/strong> 75cl<\/p>\n","protected":false},"featured_media":222657,"template":"","meta":{"_et_pb_use_builder":"","_et_pb_old_content":"","_et_gb_content_width":""},"product_brand":[],"product_cat":[38],"product_tag":[],"class_list":{"0":"post-222663","1":"product","2":"type-product","3":"status-publish","4":"has-post-thumbnail","6":"product_cat-autre","8":"first","9":"instock","10":"taxable","11":"shipping-taxable","12":"purchasable","13":"product-type-simple"},"_links":{"self":[{"href":"https:\/\/www.andreyschafis.ch\/fr\/wp-json\/wp\/v2\/product\/222663","targetHints":{"allow":["GET"]}}],"collection":[{"href":"https:\/\/www.andreyschafis.ch\/fr\/wp-json\/wp\/v2\/product"}],"about":[{"href":"https:\/\/www.andreyschafis.ch\/fr\/wp-json\/wp\/v2\/types\/product"}],"wp:featuredmedia":[{"embeddable":true,"href":"https:\/\/www.andreyschafis.ch\/fr\/wp-json\/wp\/v2\/media\/222657"}],"wp:attachment":[{"href":"https:\/\/www.andreyschafis.ch\/fr\/wp-json\/wp\/v2\/media?parent=222663"}],"wp:term":[{"taxonomy":"product_brand","embeddable":true,"href":"https:\/\/www.andreyschafis.ch\/fr\/wp-json\/wp\/v2\/product_brand?post=222663"},{"taxonomy":"product_cat","embeddable":true,"href":"https:\/\/www.andreyschafis.ch\/fr\/wp-json\/wp\/v2\/product_cat?post=222663"},{"taxonomy":"product_tag","embeddable":true,"href":"https:\/\/www.andreyschafis.ch\/fr\/wp-json\/wp\/v2\/product_tag?post=222663"}],"curies":[{"name":"wp","href":"https:\/\/api.w.org\/{rel}","templated":true}]}}